{"id":2687,"date":"2017-10-19T14:10:06","date_gmt":"2017-10-19T14:10:06","guid":{"rendered":"http:\/\/tripvacationer.com\/demo-version-all-inclusive-package\/"},"modified":"2019-04-27T09:43:21","modified_gmt":"2019-04-27T09:43:21","slug":"demo-version-all-inclusive-package","status":"publish","type":"page","link":"https:\/\/tripvacationer.com\/es\/","title":{"rendered":"Casa"},"content":{"rendered":"<div class=\"wpb-content-wrapper\"><p>[vc_row full_width=\u00bbstretch_row\u00bb sbvcbgslider_enable=\u00bbyes\u00bb sbvcbgslider_animation_speed=\u00bb750&#8243; sbvcbgslider_slide_duration=\u00bb3000&#8243; video_bg_mp4=\u00bbhttps:\/\/travsellpro.com\/ml\/wp-content\/uploads\/2017\/02\/geo_HD_MEDIUM_FR30.mp4&#8243; css=\u00bb.vc_custom_1556357115506{padding-top: 150px !important;padding-bottom: 150px !important;background-color: #ededed !important;background-position: center !important;background-repeat: no-repeat !important;background-size: cover !important;}\u00bb el_class=\u00bbsearch_home_page\u00bb sbvcbgslider_slider_attachments=\u00bb3588,3583,3552&#8243;][vc_column][vc_custom_heading text=\u00bbBusca en cientos de sitios de viajes en un solo lugar.\u00bb font_container=\u00bbtag:h1|text_align:center\u00bb use_theme_fonts=\u00bbyes\u00bb el_class=\u00bbmain_head_title\u00bb][vc_tta_tabs style=\u00bbflat\u00bb color=\u00bbblack\u00bb spacing=\u00bb4&#8243; alignment=\u00bbcenter\u00bb active_section=\u00bb1&#8243;][vc_tta_section i_icon_fontawesome=\u00bbfa fa-plane\u00bb add_icon=\u00bbtrue\u00bb title=\u00bbVuelos\u00bb tab_id=\u00bbhome_flights\u00bb]    <div id=\"twidgetflight_1211100803\" class=\"twidget-container\"><\/div>\n    <script>\n        jQuery(document).ready(function($){\n            $('#twidgetflight_1211100803').twidget({\n                locale: 'es',\n                marker: 220464, \n                hotels_whitelabel : 'https:\/\/hotels.tripvacationer.com\/hotels\/',\n                flights_whitelabel : 'https:\/\/flights.tripvacationer.com\/flights',\n                type: 'avia'\n            });\n        });\n    <\/script>\n    [\/vc_tta_section][vc_tta_section i_icon_fontawesome=\u00bbfa fa-bed\u00bb add_icon=\u00bbtrue\u00bb title=\u00bbHoteles\u00bb tab_id=\u00bbhome_hotels\u00bb]    <div id=\"twidgethotel_644011637\" class=\"twidget-container\"><\/div>\n    <script>\n        jQuery(document).ready(function($){\n            $('#twidgethotel_644011637').twidget({\n                locale: 'es',\n                marker: 220464, \n                hotels_whitelabel : 'https:\/\/hotels.tripvacationer.com\/hotels\/',\n                flights_whitelabel : 'https:\/\/flights.tripvacationer.com\/flights',\n                type: 'hotel'\n            });\n        });\n    <\/script>\n    [\/vc_tta_section][vc_tta_section i_icon_fontawesome=\u00bbfa fa-ship\u00bb add_icon=\u00bbtrue\u00bb title=\u00bbCruceros\u00bb tab_id=\u00bbCruceros\u00bb][\/vc_tta_section][\/vc_tta_tabs][\/vc_column][\/vc_row][vc_row full_width=\u00bbstretch_row\u00bb css=\u00bb.vc_custom_1510260479471{padding-top: 50px !important;padding-bottom: 50px !important;background-color: #f6f6f6 !important;}\u00bb][vc_column][vc_custom_heading text=\u00bbBIENVENIDOS A TripVacationer\u00bb font_container=\u00bbtag:h2|text_align:center\u00bb use_theme_fonts=\u00bbyes\u00bb css=\u00bb.vc_custom_1547369127413{margin-bottom: 0px !important;}\u00bb][vc_row_inner][vc_column_inner width=\u00bb1\/12&#8243;][\/vc_column_inner][vc_column_inner width=\u00bb10\/12&#8243;][vc_column_text]TripVacationer compara millones de vuelos para encontrar la oferta m\u00e1s barata, r\u00e1pido. Donde quiera que quiera ir alrededor del mundo, encontraremos vuelos de bajo costo para llegar all\u00ed. Tambi\u00e9n encontramos los hoteles m\u00e1s baratos y las ofertas de alquiler de coches. Cuando encuentre sus vuelos y haga clic para reservar, lo conectamos directamente con la aerol\u00ednea o agencia de viajes. Sin cargos ocultos, sin cargos adicionales. \u00a1As\u00ed que obtienes los vuelos m\u00e1s baratos cada vez![\/vc_column_text][\/vc_column_inner][vc_column_inner width=\u00bb1\/12&#8243;][\/vc_column_inner][\/vc_row_inner][vc_row_inner][vc_column_inner width=\u00bb1\/6&#8243;][\/vc_column_inner][vc_column_inner width=\u00bb1\/6&#8243;][\/vc_column_inner][vc_column_inner width=\u00bb1\/6&#8243;]\t\t<div class=\"tr_button\">\r\n\t\t\t<a href=\"\/es\/cheap-flights\">Reservar vuelos<\/a>\r\n\t\t<\/div>\r\n\t[\/vc_column_inner][vc_column_inner width=\u00bb1\/6&#8243;]\t\t<div class=\"tr_button\">\r\n\t\t\t<a href=\"\/es\/cheap-hotels\">Reservar hoteles<\/a>\r\n\t\t<\/div>\r\n\t[\/vc_column_inner][vc_column_inner width=\u00bb1\/6&#8243;][\/vc_column_inner][vc_column_inner width=\u00bb1\/6&#8243;][\/vc_column_inner][\/vc_row_inner][\/vc_column][\/vc_row][vc_row full_width=\u00bbstretch_row\u00bb css=\u00bb.vc_custom_1556358198355{padding-top: 50px !important;padding-bottom: 50px !important;}\u00bb][vc_column][vc_custom_heading text=\u00bbLos mejores destinos de vuelos\u00bb font_container=\u00bbtag:h2|text_align:center\u00bb use_theme_fonts=\u00bbyes\u00bb css=\u00bb.vc_custom_1556358192466{margin-top: 0px !important;margin-bottom: 20px !important;padding-top: 0px !important;}\u00bb]    \n   \n\t\t<div class=\"flight_destination_row\">\t\t\n\t\t\t<div class=\"flights_col\">\n\t\t\t\t<script async src=\"\/\/www.travelpayouts.com\/weedle\/widget.js?marker=220464&host=flights.tripvacationer.com&locale=es&currency=usd&destination=HNL\" charset=\"UTF-8\"><\/script>\n\t\t\t<\/div>\n\t\t\n\t\t\t\n\t\t \n\t\t \n\t\n\t\t\t\t\n\t\t\t<div class=\"flights_col\">\n\t\t\t\t<script async src=\"\/\/www.travelpayouts.com\/weedle\/widget.js?marker=220464&host=flights.tripvacationer.com&locale=es&currency=usd&destination=OGG\" charset=\"UTF-8\"><\/script>\n\t\t\t<\/div>\n\t\t\n\t\t\t\n\t\t \n\t\t \n\t\n\t\t\t\t\n\t\t\t<div class=\"flights_col\">\n\t\t\t\t<script async src=\"\/\/www.travelpayouts.com\/weedle\/widget.js?marker=220464&host=flights.tripvacationer.com&locale=es&currency=usd&destination=ITO\" charset=\"UTF-8\"><\/script>\n\t\t\t<\/div>\n\t\t\n\t\t\t\n\t\t \n\t\t \n\t\n\t\t\t\t\n\t\t\t<div class=\"flights_col\">\n\t\t\t\t<script async src=\"\/\/www.travelpayouts.com\/weedle\/widget.js?marker=220464&host=flights.tripvacationer.com&locale=es&currency=usd&destination=PAR\" charset=\"UTF-8\"><\/script>\n\t\t\t<\/div>\n\t\t\n\t\t\t\n\t\t \n\t\t \n\t\n\t\t\t\t\n\t\t\t<div class=\"flights_col\">\n\t\t\t\t<script async src=\"\/\/www.travelpayouts.com\/weedle\/widget.js?marker=220464&host=flights.tripvacationer.com&locale=es&currency=usd&destination=LAS\" charset=\"UTF-8\"><\/script>\n\t\t\t<\/div>\n\t\t\n\t\t\t\n\t\t \n\t\t \n\t\n\t\t\t\t\n\t\t\t<div class=\"flights_col\">\n\t\t\t\t<script async src=\"\/\/www.travelpayouts.com\/weedle\/widget.js?marker=220464&host=flights.tripvacationer.com&locale=es&currency=usd&destination=ORL\" charset=\"UTF-8\"><\/script>\n\t\t\t<\/div>\n\t\t\n\t\t\t\n\t\t \n\t\t \n\t\n\t\t\t\t\n\t\t\t<div class=\"flights_col\">\n\t\t\t\t<script async src=\"\/\/www.travelpayouts.com\/weedle\/widget.js?marker=220464&host=flights.tripvacationer.com&locale=es&currency=usd&destination=MIA\" charset=\"UTF-8\"><\/script>\n\t\t\t<\/div>\n\t\t\n\t\t\t\n\t\t \n\t\t \n\t\n\t\t\t\t\n\t\t\t<div class=\"flights_col\">\n\t\t\t\t<script async src=\"\/\/www.travelpayouts.com\/weedle\/widget.js?marker=220464&host=flights.tripvacationer.com&locale=es&currency=usd&destination=NYC\" charset=\"UTF-8\"><\/script>\n\t\t\t<\/div>\n\t\t\n\t\t\t\n\t\t \n\t\t \n\t\n\t\t<\/div>    \n    [\/vc_column][\/vc_row][vc_row full_width=\u00bbstretch_row\u00bb content_placement=\u00bbmiddle\u00bb css=\u00bb.vc_custom_1545740582476{padding-top: 20px !important;padding-bottom: 20px !important;background-color: #f6f6f6 !important;}\u00bb][vc_column][vc_single_image image=\u00bb3541&#8243; img_size=\u00bbfull\u00bb alignment=\u00bbcenter\u00bb][\/vc_column][\/vc_row][vc_row full_width=\u00bbstretch_row\u00bb css=\u00bb.vc_custom_1510260496235{padding-top: 50px !important;padding-bottom: 50px !important;background-color: #f6f6f6 !important;}\u00bb][vc_column][vc_row_inner][vc_column_inner][vc_custom_heading text=\u00bbPOR QU\u00c9 RESERVAR CON TripVacationer?\u00bb font_container=\u00bbtag:h2|text_align:center\u00bb use_theme_fonts=\u00bbyes\u00bb][vc_text_separator title=\u00bb\u00bb i_icon_fontawesome=\u00bbfa fa-check\u00bb i_color=\u00bbcustom\u00bb color=\u00bbcustom\u00bb el_width=\u00bb70&#8243; add_icon=\u00bbtrue\u00bb][\/vc_column_inner][\/vc_row_inner][vc_row_inner][vc_column_inner width=\u00bb1\/4&#8243;][vc_icon icon_fontawesome=\u00bbfa fa-search\u00bb color=\u00bbcustom\u00bb size=\u00bbxl\u00bb align=\u00bbcenter\u00bb link=\u00bb|||\u00bb][vc_column_text]<\/p>\n<h3 class=\"tv_center\">Awesome Prices &amp; Discounts<\/h3>\n<p class=\"tv_center\"><span class=\"tlid-translation translation\"><span class=\"\" title=\"\">TripVacationer busca, compara y monitorea los precios de ofertas de vuelos, hoteles, alquiler de coches de m\u00e1s de cien servicios de reserva para que pueda convertir su sue\u00f1o en realidad!<\/span><\/span><\/p>\n<p>[\/vc_column_text][\/vc_column_inner][vc_column_inner width=\u00bb1\/4&#8243;][vc_icon icon_fontawesome=\u00bbfa fa-eye-slash\u00bb color=\u00bbcustom\u00bb size=\u00bbxl\u00bb align=\u00bbcenter\u00bb css_animation=\u00bbnone\u00bb link=\u00bb|||\u00bb][vc_column_text]<\/p>\n<h3 class=\"result-shield-container tlid-copy-target\" style=\"text-align: center;\"><span class=\"tlid-translation translation\"><span title=\"\">\u00a1Es gratis!<\/span> <span class=\"\" title=\"\">Sin cuotas escondidas<\/span><\/span><\/h3>\n<p class=\"tv_center\"><span class=\"tlid-translation translation\"><span class=\"\" title=\"\">TripVacationer es completamente gratuito. Cuando hace clic en Reservar un acuerdo, lo transferimos directamente al agente de viajes o compa\u00f1\u00eda. No se aplican impuestos adicionales ni cargos ocultos.<\/span><\/span><\/p>\n<p>[\/vc_column_text][\/vc_column_inner][vc_column_inner width=\u00bb1\/4&#8243;][vc_icon icon_fontawesome=\u00bbfa fa-credit-card-alt\u00bb color=\u00bbcustom\u00bb size=\u00bbxl\u00bb align=\u00bbcenter\u00bb link=\u00bb|||\u00bb][vc_column_text]<\/p>\n<h3 class=\"tv_center\"><span class=\"tlid-translation translation\">Barata<\/span><\/h3>\n<p class=\"tv_center\"><span class=\"tlid-translation translation\"><span title=\"\">Los precios de las habitaciones cambian constantemente, as\u00ed que siempre los vigilamos.<\/span> <span class=\"\" title=\"\">Suscr\u00edbase a las alertas de precios para mantenerse informado de cualquier cambio de precio para el hotel de su elecci\u00f3n.<\/span><\/span><\/p>\n<p>[\/vc_column_text][\/vc_column_inner][vc_column_inner width=\u00bb1\/4&#8243;][vc_icon icon_fontawesome=\u00bbfa fa-expeditedssl\u00bb color=\u00bbcustom\u00bb size=\u00bbxl\u00bb align=\u00bbcenter\u00bb link=\u00bb|||\u00bb][vc_column_text]<\/p>\n<h3 class=\"tv_center\"><span class=\"tlid-translation translation\"><span class=\"\" title=\"\">Seguridad<\/span><\/span><\/h3>\n<p class=\"tv_center\"><span class=\"tlid-translation translation\"><span class=\"\" title=\"\">Usted est\u00e1 seguro con nosotros. Todos los servicios de reserva son inspeccionados a fondo por nuestro Departamento de Seguridad.<\/span><\/span><\/p>\n<p>[\/vc_column_text][\/vc_column_inner][\/vc_row_inner][\/vc_column][\/vc_row][vc_row full_width=\u00bbstretch_row\u00bb css=\u00bb.vc_custom_1510260512793{padding-top: 50px !important;padding-bottom: 50px !important;}\u00bb][vc_column][vc_row_inner][vc_column_inner][vc_custom_heading text=\u00bbDESTINOS TOP HOTELES\u00bb font_container=\u00bbtag:h2|text_align:center\u00bb use_theme_fonts=\u00bbyes\u00bb css=\u00bb.vc_custom_1547369212627{margin-top: 0px !important;margin-bottom: 20px !important;padding-top: 0px !important;}\u00bb][\/vc_column_inner][\/vc_row_inner][vc_row_inner][vc_column_inner]<div class=\"hotel_destination_container\">\t\t<div class=\"flights_col\">\n\t\t\t<figure class=\"tp_hotels\">\n\t\t\t\t<a href=\"https:\/\/hotels.tripvacationer.com\/hotels?cityId=23374&amp;marker=220464&locale=es&checkIn=2026-05-13&checkOut=2026-05-14\">\n\t\t\t\t\t<img loading=\"lazy\" decoding=\"async\" src=\"https:\/\/i0.wp.com\/tripvacationer.com\/wp-content\/uploads\/2019\/04\/Honolulu.jpg?resize=263%2C130&ssl=1\" width=\"263\" height=\"130\" alt=\"Cheap Hotels in Honolulu\">\n\t\t\t\t<\/a>\n\t\t\t\t<figcaption>Honolulu<\/figcaption>\n\t\t\t<\/figure>\n\t\t<\/div>\n\t\t\t<div class=\"flights_col\">\n\t\t\t<figure class=\"tp_hotels\">\n\t\t\t\t<a href=\"https:\/\/hotels.tripvacationer.com\/hotels?cityId=7896&amp;marker=220464&locale=es&checkIn=2026-05-13&checkOut=2026-05-14\">\n\t\t\t\t\t<img loading=\"lazy\" decoding=\"async\" src=\"https:\/\/i0.wp.com\/tripvacationer.com\/wp-content\/uploads\/2019\/04\/London.jpg?resize=263%2C130&ssl=1\" width=\"263\" height=\"130\" alt=\"Cheap Hotels in London\">\n\t\t\t\t<\/a>\n\t\t\t\t<figcaption>London<\/figcaption>\n\t\t\t<\/figure>\n\t\t<\/div>\n\t\t\t<div class=\"flights_col\">\n\t\t\t<figure class=\"tp_hotels\">\n\t\t\t\t<a href=\"https:\/\/hotels.tripvacationer.com\/hotels?cityId=15542&amp;marker=220464&locale=es&checkIn=2026-05-13&checkOut=2026-05-14\">\n\t\t\t\t\t<img loading=\"lazy\" decoding=\"async\" src=\"https:\/\/i0.wp.com\/tripvacationer.com\/wp-content\/uploads\/2019\/04\/paris_eiffel-tower.jpg?resize=263%2C130&ssl=1\" width=\"263\" height=\"130\" alt=\"Cheap Hotels in Paris\">\n\t\t\t\t<\/a>\n\t\t\t\t<figcaption>Paris<\/figcaption>\n\t\t\t<\/figure>\n\t\t<\/div>\n\t\t\t<div class=\"flights_col\">\n\t\t\t<figure class=\"tp_hotels\">\n\t\t\t\t<a href=\"https:\/\/hotels.tripvacationer.com\/hotels?cityId=20703&amp;marker=220464&locale=es&checkIn=2026-05-13&checkOut=2026-05-14\">\n\t\t\t\t\t<img loading=\"lazy\" decoding=\"async\" src=\"https:\/\/i0.wp.com\/tripvacationer.com\/wp-content\/uploads\/2019\/04\/las-vegas-573600_1920.jpg?resize=263%2C130&ssl=1\" width=\"263\" height=\"130\" alt=\"Cheap hotels in las-vegas\">\n\t\t\t\t<\/a>\n\t\t\t\t<figcaption>Las Vegas<\/figcaption>\n\t\t\t<\/figure>\n\t\t<\/div>\n\t\t\t<div class=\"flights_col\">\n\t\t\t<figure class=\"tp_hotels\">\n\t\t\t\t<a href=\"https:\/\/hotels.tripvacationer.com\/hotels?cityId=17880&amp;marker=220464&locale=es&checkIn=2026-05-13&checkOut=2026-05-14\">\n\t\t\t\t\t<img loading=\"lazy\" decoding=\"async\" src=\"https:\/\/i0.wp.com\/tripvacationer.com\/wp-content\/uploads\/2019\/04\/miami_south-beach.jpg?resize=263%2C130&ssl=1\" width=\"263\" height=\"130\" alt=\"\">\n\t\t\t\t<\/a>\n\t\t\t\t<figcaption>Miami<\/figcaption>\n\t\t\t<\/figure>\n\t\t<\/div>\n\t\t\t<div class=\"flights_col\">\n\t\t\t<figure class=\"tp_hotels\">\n\t\t\t\t<a href=\"https:\/\/hotels.tripvacationer.com\/hotels?cityId=17909&amp;marker=220464&locale=es&checkIn=2026-05-13&checkOut=2026-05-14\">\n\t\t\t\t\t<img loading=\"lazy\" decoding=\"async\" src=\"https:\/\/i0.wp.com\/tripvacationer.com\/wp-content\/uploads\/2019\/04\/orlando-981657_640.jpg?resize=263%2C130&ssl=1\" width=\"263\" height=\"130\" alt=\"Cheap Hotels in Orlando\">\n\t\t\t\t<\/a>\n\t\t\t\t<figcaption>Orlando<\/figcaption>\n\t\t\t<\/figure>\n\t\t<\/div>\n\t\t\t<div class=\"flights_col\">\n\t\t\t<figure class=\"tp_hotels\">\n\t\t\t\t<a href=\"https:\/\/hotels.tripvacationer.com\/hotels?cityId=17880&amp;marker=220464&locale=es&checkIn=2026-05-13&checkOut=2026-05-14\">\n\t\t\t\t\t<img loading=\"lazy\" decoding=\"async\" src=\"https:\/\/i0.wp.com\/tripvacationer.com\/wp-content\/uploads\/2019\/04\/oahu-1246036_640.jpg?resize=263%2C130&ssl=1\" width=\"263\" height=\"130\" alt=\"Cheap hotels in Oahu Island\">\n\t\t\t\t<\/a>\n\t\t\t\t<figcaption>Oahu Island<\/figcaption>\n\t\t\t<\/figure>\n\t\t<\/div>\n\t\t\t<div class=\"flights_col\">\n\t\t\t<figure class=\"tp_hotels\">\n\t\t\t\t<a href=\"https:\/\/hotels.tripvacationer.com\/hotels?cityId=24981&amp;marker=220464&locale=es&checkIn=2026-05-13&checkOut=2026-05-14\">\n\t\t\t\t\t<img loading=\"lazy\" decoding=\"async\" src=\"https:\/\/i0.wp.com\/tripvacationer.com\/wp-content\/uploads\/2019\/04\/Hilo.jpg?resize=263%2C130&ssl=1\" width=\"263\" height=\"130\" alt=\"\">\n\t\t\t\t<\/a>\n\t\t\t\t<figcaption>Hilo<\/figcaption>\n\t\t\t<\/figure>\n\t\t<\/div>\n\t<\/div>[\/vc_column_inner][\/vc_row_inner][\/vc_column][\/vc_row][vc_row full_width=\u00bbstretch_row\u00bb content_placement=\u00bbmiddle\u00bb css=\u00bb.vc_custom_1545740559072{padding-top: 20px !important;padding-bottom: 20px !important;background-color: #f6f6f6 !important;}\u00bb][vc_column][vc_single_image image=\u00bb2305&#8243; img_size=\u00bbfull\u00bb alignment=\u00bbcenter\u00bb][\/vc_column][\/vc_row]<\/p>\n<\/div>","protected":false},"excerpt":{"rendered":"<p>[vc_row full_width=\u00bbstretch_row\u00bb sbvcbgslider_enable=\u00bbyes\u00bb sbvcbgslider_animation_speed=\u00bb750&#8243; sbvcbgslider_slide_duration=\u00bb3000&#8243; video_bg_mp4=\u00bbhttps:\/\/travsellpro.com\/ml\/wp-content\/uploads\/2017\/02\/geo_HD_MEDIUM_FR30.mp4&#8243; css=\u00bb.vc_custom_1556357115506{padding-top: 150px !important;padding-bottom: 150px !important;background-color: #ededed !important;background-position: center !important;background-repeat: no-repeat !important;background-size: cover !important;}\u00bb el_class=\u00bbsearch_home_page\u00bb sbvcbgslider_slider_attachments=\u00bb3588,3583,3552&#8243;][vc_column][vc_custom_heading text=\u00bbBusca en cientos de sitios de viajes en un solo lugar.\u00bb font_container=\u00bbtag:h1|text_align:center\u00bb use_theme_fonts=\u00bbyes\u00bb el_class=\u00bbmain_head_title\u00bb][vc_tta_tabs style=\u00bbflat\u00bb color=\u00bbblack\u00bb spacing=\u00bb4&#8243; alignment=\u00bbcenter\u00bb active_section=\u00bb1&#8243;][vc_tta_section i_icon_fontawesome=\u00bbfa fa-plane\u00bb add_icon=\u00bbtrue\u00bb title=\u00bbVuelos\u00bb tab_id=\u00bbhome_flights\u00bb][\/vc_tta_section][vc_tta_section i_icon_fontawesome=\u00bbfa fa-bed\u00bb add_icon=\u00bbtrue\u00bb title=\u00bbHoteles\u00bb tab_id=\u00bbhome_hotels\u00bb][\/vc_tta_section][vc_tta_section i_icon_fontawesome=\u00bbfa fa-ship\u00bb add_icon=\u00bbtrue\u00bb title=\u00bbCruceros\u00bb tab_id=\u00bbCruceros\u00bb][\/vc_tta_section][\/vc_tta_tabs][\/vc_column][\/vc_row][vc_row<\/p>\n","protected":false},"author":1,"featured_media":0,"parent":0,"menu_order":0,"comment_status":"closed","ping_status":"closed","template":"","meta":{"footnotes":""},"class_list":["post-2687","page","type-page","status-publish","hentry"],"yoast_head":"<!-- This site is optimized with the Yoast SEO plugin v26.9 - https:\/\/yoast.com\/product\/yoast-seo-wordpress\/ -->\n<title>Search for Cheap Flight, Cheap Hotel, Cheap Rental Car, Cruise, Activities<\/title>\n<meta name=\"description\" content=\"We compare cheap flights, hotels &amp; car hire from lots of providers than any travel comparison site, helping you save with TripVacationer.com\" \/>\n<meta name=\"robots\" content=\"index, follow, max-snippet:-1, max-image-preview:large, max-video-preview:-1\" \/>\n<link rel=\"canonical\" href=\"https:\/\/tripvacationer.com\/es\/\" \/>\n<meta property=\"og:locale\" content=\"es_ES\" \/>\n<meta property=\"og:type\" content=\"article\" \/>\n<meta property=\"og:title\" content=\"Search for Cheap Flight, Cheap Hotel, Cheap Rental Car, Cruise, Activities\" \/>\n<meta property=\"og:description\" content=\"We compare cheap flights, hotels &amp; car hire from lots of providers than any travel comparison site, helping you save with TripVacationer.com\" \/>\n<meta property=\"og:url\" content=\"https:\/\/tripvacationer.com\/es\/\" \/>\n<meta property=\"og:site_name\" content=\"TripVacationer\" \/>\n<meta property=\"article:modified_time\" content=\"2019-04-27T09:43:21+00:00\" \/>\n<meta name=\"twitter:card\" content=\"summary_large_image\" \/>\n<meta name=\"twitter:label1\" content=\"Tiempo de lectura\" \/>\n\t<meta name=\"twitter:data1\" content=\"5 minutos\" \/>\n<script type=\"application\/ld+json\" class=\"yoast-schema-graph\">{\"@context\":\"https:\/\/schema.org\",\"@graph\":[{\"@type\":\"WebPage\",\"@id\":\"https:\/\/tripvacationer.com\/es\/\",\"url\":\"https:\/\/tripvacationer.com\/es\/\",\"name\":\"Search for Cheap Flight, Cheap Hotel, Cheap Rental Car, Cruise, Activities\",\"isPartOf\":{\"@id\":\"https:\/\/tripvacationer.com\/#website\"},\"datePublished\":\"2017-10-19T14:10:06+00:00\",\"dateModified\":\"2019-04-27T09:43:21+00:00\",\"description\":\"We compare cheap flights, hotels & car hire from lots of providers than any travel comparison site, helping you save with TripVacationer.com\",\"breadcrumb\":{\"@id\":\"https:\/\/tripvacationer.com\/es\/#breadcrumb\"},\"inLanguage\":\"es\",\"potentialAction\":[{\"@type\":\"ReadAction\",\"target\":[\"https:\/\/tripvacationer.com\/es\/\"]}]},{\"@type\":\"BreadcrumbList\",\"@id\":\"https:\/\/tripvacationer.com\/es\/#breadcrumb\",\"itemListElement\":[{\"@type\":\"ListItem\",\"position\":1,\"name\":\"Home\",\"item\":\"https:\/\/tripvacationer.com\/es\/\"},{\"@type\":\"ListItem\",\"position\":2,\"name\":\"Casa\"}]},{\"@type\":\"WebSite\",\"@id\":\"https:\/\/tripvacationer.com\/#website\",\"url\":\"https:\/\/tripvacationer.com\/\",\"name\":\"TripVacationer\",\"description\":\"Search for cheap hotels and flights\",\"potentialAction\":[{\"@type\":\"SearchAction\",\"target\":{\"@type\":\"EntryPoint\",\"urlTemplate\":\"https:\/\/tripvacationer.com\/?s={search_term_string}\"},\"query-input\":{\"@type\":\"PropertyValueSpecification\",\"valueRequired\":true,\"valueName\":\"search_term_string\"}}],\"inLanguage\":\"es\"}]}<\/script>\n<!-- \/ Yoast SEO plugin. -->","yoast_head_json":{"title":"Search for Cheap Flight, Cheap Hotel, Cheap Rental Car, Cruise, Activities","description":"We compare cheap flights, hotels & car hire from lots of providers than any travel comparison site, helping you save with TripVacationer.com","robots":{"index":"index","follow":"follow","max-snippet":"max-snippet:-1","max-image-preview":"max-image-preview:large","max-video-preview":"max-video-preview:-1"},"canonical":"https:\/\/tripvacationer.com\/es\/","og_locale":"es_ES","og_type":"article","og_title":"Search for Cheap Flight, Cheap Hotel, Cheap Rental Car, Cruise, Activities","og_description":"We compare cheap flights, hotels & car hire from lots of providers than any travel comparison site, helping you save with TripVacationer.com","og_url":"https:\/\/tripvacationer.com\/es\/","og_site_name":"TripVacationer","article_modified_time":"2019-04-27T09:43:21+00:00","twitter_card":"summary_large_image","twitter_misc":{"Tiempo de lectura":"5 minutos"},"schema":{"@context":"https:\/\/schema.org","@graph":[{"@type":"WebPage","@id":"https:\/\/tripvacationer.com\/es\/","url":"https:\/\/tripvacationer.com\/es\/","name":"Search for Cheap Flight, Cheap Hotel, Cheap Rental Car, Cruise, Activities","isPartOf":{"@id":"https:\/\/tripvacationer.com\/#website"},"datePublished":"2017-10-19T14:10:06+00:00","dateModified":"2019-04-27T09:43:21+00:00","description":"We compare cheap flights, hotels & car hire from lots of providers than any travel comparison site, helping you save with TripVacationer.com","breadcrumb":{"@id":"https:\/\/tripvacationer.com\/es\/#breadcrumb"},"inLanguage":"es","potentialAction":[{"@type":"ReadAction","target":["https:\/\/tripvacationer.com\/es\/"]}]},{"@type":"BreadcrumbList","@id":"https:\/\/tripvacationer.com\/es\/#breadcrumb","itemListElement":[{"@type":"ListItem","position":1,"name":"Home","item":"https:\/\/tripvacationer.com\/es\/"},{"@type":"ListItem","position":2,"name":"Casa"}]},{"@type":"WebSite","@id":"https:\/\/tripvacationer.com\/#website","url":"https:\/\/tripvacationer.com\/","name":"TripVacationer","description":"Search for cheap hotels and flights","potentialAction":[{"@type":"SearchAction","target":{"@type":"EntryPoint","urlTemplate":"https:\/\/tripvacationer.com\/?s={search_term_string}"},"query-input":{"@type":"PropertyValueSpecification","valueRequired":true,"valueName":"search_term_string"}}],"inLanguage":"es"}]}},"jetpack_sharing_enabled":true,"jetpack_shortlink":"https:\/\/wp.me\/PaVu4B-Hl","_links":{"self":[{"href":"https:\/\/tripvacationer.com\/es\/wp-json\/wp\/v2\/pages\/2687","targetHints":{"allow":["GET"]}}],"collection":[{"href":"https:\/\/tripvacationer.com\/es\/wp-json\/wp\/v2\/pages"}],"about":[{"href":"https:\/\/tripvacationer.com\/es\/wp-json\/wp\/v2\/types\/page"}],"author":[{"embeddable":true,"href":"https:\/\/tripvacationer.com\/es\/wp-json\/wp\/v2\/users\/1"}],"replies":[{"embeddable":true,"href":"https:\/\/tripvacationer.com\/es\/wp-json\/wp\/v2\/comments?post=2687"}],"version-history":[{"count":16,"href":"https:\/\/tripvacationer.com\/es\/wp-json\/wp\/v2\/pages\/2687\/revisions"}],"predecessor-version":[{"id":3610,"href":"https:\/\/tripvacationer.com\/es\/wp-json\/wp\/v2\/pages\/2687\/revisions\/3610"}],"wp:attachment":[{"href":"https:\/\/tripvacationer.com\/es\/wp-json\/wp\/v2\/media?parent=2687"}],"curies":[{"name":"wp","href":"https:\/\/api.w.org\/{rel}","templated":true}]}}