{"id":2467,"date":"2018-12-26T12:20:11","date_gmt":"2018-12-26T12:20:11","guid":{"rendered":"http:\/\/tripvacationer.com\/all-inclusive\/"},"modified":"2019-04-22T13:47:15","modified_gmt":"2019-04-22T13:47:15","slug":"all-inclusive","status":"publish","type":"page","link":"https:\/\/tripvacationer.com\/fr\/all-inclusive\/","title":{"rendered":"Tout inclus"},"content":{"rendered":"<div class=\"wpb-content-wrapper\"><p>[vc_row][vc_column][vc_custom_heading text=\u00a0\u00bbR\u00e9server des vols et des h\u00f4tels ensemble et \u00e9conomiser de l&rsquo;argent\u00a0\u00bb font_container=\u00a0\u00bbtag:h2|text_align:center\u00a0\u00bb use_theme_fonts=\u00a0\u00bbyes\u00a0\u00bb][\/vc_column][\/vc_row][vc_row css=\u00a0\u00bb.vc_custom_1513261014155{margin-bottom: 50px !important;}\u00a0\u00bb][vc_column] \n        <div id=\"searchWidget\" style=\"width: 100%; height: 600px; max-width:100%;\"><iframe loading=\"lazy\" width=\"100%\" height=\"100%\" id=\"widgetIframe\" src=\"https:\/\/www.expedia.com\/marketing\/widgets\/searchform\/widget?wtt=1&amp;tp1=9072591&amp;tp2=&amp;lob=FH&amp;des=&amp;wbi=2&amp;olc=000000&amp;whf=4&amp;hfc=C7C7C7&amp;wif=4&amp;ifc=000000&amp;wbc=0b4faa&amp;wbf=4&amp;bfc=ffffff&amp;wws=2&amp;sfs=H600FW970F&langid=1033\" scrolling=\"no\" frameborder=\"0\"><\/iframe><\/div>\n        \n    [\/vc_column][\/vc_row]<\/p>\n<\/div>","protected":false},"excerpt":{"rendered":"<p>[vc_row][vc_column][vc_custom_heading text=\u00a0\u00bbR\u00e9server des vols et des h\u00f4tels ensemble et \u00e9conomiser de l&rsquo;argent\u00a0\u00bb font_container=\u00a0\u00bbtag:h2|text_align:center\u00a0\u00bb use_theme_fonts=\u00a0\u00bbyes\u00a0\u00bb][\/vc_column][\/vc_row][vc_row css=\u00a0\u00bb.vc_custom_1513261014155{margin-bottom: 50px !important;}\u00a0\u00bb][vc_column][\/vc_column][\/vc_row]<\/p>\n","protected":false},"author":1,"featured_media":0,"parent":0,"menu_order":0,"comment_status":"closed","ping_status":"closed","template":"","meta":{"footnotes":""},"class_list":["post-2467","page","type-page","status-publish","hentry"],"yoast_head":"<!-- This site is optimized with the Yoast SEO plugin v26.9 - https:\/\/yoast.com\/product\/yoast-seo-wordpress\/ -->\n<title>Tout inclus | TripVacationer<\/title>\n<meta name=\"description\" content=\"Search and Book best travel package from our website. We will give you the best travel package for your next vacation. Save Money and Enjoy\" \/>\n<meta name=\"robots\" content=\"index, follow, max-snippet:-1, max-image-preview:large, max-video-preview:-1\" \/>\n<link rel=\"canonical\" href=\"https:\/\/tripvacationer.com\/fr\/all-inclusive\/\" \/>\n<meta property=\"og:locale\" content=\"fr_FR\" \/>\n<meta property=\"og:type\" content=\"article\" \/>\n<meta property=\"og:title\" content=\"Tout inclus | TripVacationer\" \/>\n<meta property=\"og:description\" content=\"Search and Book best travel package from our website. We will give you the best travel package for your next vacation. Save Money and Enjoy\" \/>\n<meta property=\"og:url\" content=\"https:\/\/tripvacationer.com\/fr\/all-inclusive\/\" \/>\n<meta property=\"og:site_name\" content=\"TripVacationer\" \/>\n<meta property=\"article:modified_time\" content=\"2019-04-22T13:47:15+00:00\" \/>\n<meta name=\"twitter:card\" content=\"summary_large_image\" \/>\n<script type=\"application\/ld+json\" class=\"yoast-schema-graph\">{\"@context\":\"https:\/\/schema.org\",\"@graph\":[{\"@type\":\"WebPage\",\"@id\":\"https:\/\/tripvacationer.com\/fr\/all-inclusive\/\",\"url\":\"https:\/\/tripvacationer.com\/fr\/all-inclusive\/\",\"name\":\"Tout inclus | TripVacationer\",\"isPartOf\":{\"@id\":\"https:\/\/tripvacationer.com\/#website\"},\"datePublished\":\"2018-12-26T12:20:11+00:00\",\"dateModified\":\"2019-04-22T13:47:15+00:00\",\"description\":\"Search and Book best travel package from our website. We will give you the best travel package for your next vacation. Save Money and Enjoy\",\"breadcrumb\":{\"@id\":\"https:\/\/tripvacationer.com\/fr\/all-inclusive\/#breadcrumb\"},\"inLanguage\":\"fr-FR\",\"potentialAction\":[{\"@type\":\"ReadAction\",\"target\":[\"https:\/\/tripvacationer.com\/fr\/all-inclusive\/\"]}]},{\"@type\":\"BreadcrumbList\",\"@id\":\"https:\/\/tripvacationer.com\/fr\/all-inclusive\/#breadcrumb\",\"itemListElement\":[{\"@type\":\"ListItem\",\"position\":1,\"name\":\"Home\",\"item\":\"https:\/\/tripvacationer.com\/fr\/\"},{\"@type\":\"ListItem\",\"position\":2,\"name\":\"Tout inclus\"}]},{\"@type\":\"WebSite\",\"@id\":\"https:\/\/tripvacationer.com\/#website\",\"url\":\"https:\/\/tripvacationer.com\/\",\"name\":\"TripVacationer\",\"description\":\"Search for cheap hotels and flights\",\"potentialAction\":[{\"@type\":\"SearchAction\",\"target\":{\"@type\":\"EntryPoint\",\"urlTemplate\":\"https:\/\/tripvacationer.com\/?s={search_term_string}\"},\"query-input\":{\"@type\":\"PropertyValueSpecification\",\"valueRequired\":true,\"valueName\":\"search_term_string\"}}],\"inLanguage\":\"fr-FR\"}]}<\/script>\n<!-- \/ Yoast SEO plugin. -->","yoast_head_json":{"title":"Tout inclus | TripVacationer","description":"Search and Book best travel package from our website. We will give you the best travel package for your next vacation. Save Money and Enjoy","robots":{"index":"index","follow":"follow","max-snippet":"max-snippet:-1","max-image-preview":"max-image-preview:large","max-video-preview":"max-video-preview:-1"},"canonical":"https:\/\/tripvacationer.com\/fr\/all-inclusive\/","og_locale":"fr_FR","og_type":"article","og_title":"Tout inclus | TripVacationer","og_description":"Search and Book best travel package from our website. We will give you the best travel package for your next vacation. Save Money and Enjoy","og_url":"https:\/\/tripvacationer.com\/fr\/all-inclusive\/","og_site_name":"TripVacationer","article_modified_time":"2019-04-22T13:47:15+00:00","twitter_card":"summary_large_image","schema":{"@context":"https:\/\/schema.org","@graph":[{"@type":"WebPage","@id":"https:\/\/tripvacationer.com\/fr\/all-inclusive\/","url":"https:\/\/tripvacationer.com\/fr\/all-inclusive\/","name":"Tout inclus | TripVacationer","isPartOf":{"@id":"https:\/\/tripvacationer.com\/#website"},"datePublished":"2018-12-26T12:20:11+00:00","dateModified":"2019-04-22T13:47:15+00:00","description":"Search and Book best travel package from our website. We will give you the best travel package for your next vacation. Save Money and Enjoy","breadcrumb":{"@id":"https:\/\/tripvacationer.com\/fr\/all-inclusive\/#breadcrumb"},"inLanguage":"fr-FR","potentialAction":[{"@type":"ReadAction","target":["https:\/\/tripvacationer.com\/fr\/all-inclusive\/"]}]},{"@type":"BreadcrumbList","@id":"https:\/\/tripvacationer.com\/fr\/all-inclusive\/#breadcrumb","itemListElement":[{"@type":"ListItem","position":1,"name":"Home","item":"https:\/\/tripvacationer.com\/fr\/"},{"@type":"ListItem","position":2,"name":"Tout inclus"}]},{"@type":"WebSite","@id":"https:\/\/tripvacationer.com\/#website","url":"https:\/\/tripvacationer.com\/","name":"TripVacationer","description":"Search for cheap hotels and flights","potentialAction":[{"@type":"SearchAction","target":{"@type":"EntryPoint","urlTemplate":"https:\/\/tripvacationer.com\/?s={search_term_string}"},"query-input":{"@type":"PropertyValueSpecification","valueRequired":true,"valueName":"search_term_string"}}],"inLanguage":"fr-FR"}]}},"jetpack_sharing_enabled":true,"jetpack_shortlink":"https:\/\/wp.me\/PaVu4B-DN","_links":{"self":[{"href":"https:\/\/tripvacationer.com\/fr\/wp-json\/wp\/v2\/pages\/2467","targetHints":{"allow":["GET"]}}],"collection":[{"href":"https:\/\/tripvacationer.com\/fr\/wp-json\/wp\/v2\/pages"}],"about":[{"href":"https:\/\/tripvacationer.com\/fr\/wp-json\/wp\/v2\/types\/page"}],"author":[{"embeddable":true,"href":"https:\/\/tripvacationer.com\/fr\/wp-json\/wp\/v2\/users\/1"}],"replies":[{"embeddable":true,"href":"https:\/\/tripvacationer.com\/fr\/wp-json\/wp\/v2\/comments?post=2467"}],"version-history":[{"count":8,"href":"https:\/\/tripvacationer.com\/fr\/wp-json\/wp\/v2\/pages\/2467\/revisions"}],"predecessor-version":[{"id":3424,"href":"https:\/\/tripvacationer.com\/fr\/wp-json\/wp\/v2\/pages\/2467\/revisions\/3424"}],"wp:attachment":[{"href":"https:\/\/tripvacationer.com\/fr\/wp-json\/wp\/v2\/media?parent=2467"}],"curies":[{"name":"wp","href":"https:\/\/api.w.org\/{rel}","templated":true}]}}